{"id":106,"date":"2021-07-26T13:40:28","date_gmt":"2021-07-26T10:40:28","guid":{"rendered":"https:\/\/www.zuzufit.ro\/munteleacasa\/?page_id=106"},"modified":"2021-09-13T14:29:52","modified_gmt":"2021-09-13T11:29:52","slug":"home-2021","status":"publish","type":"page","link":"https:\/\/www.zuzufit.ro\/munteleacasa\/","title":{"rendered":"Home 2021"},"content":{"rendered":"<section class=\"l-section wpb_row us_custom_278d8c57 height_small width_full restul vc_hidden-md vc_hidden-sm vc_hidden-xs\"><div class=\"l-section-h i-cf\"><div class=\"g-cols vc_row type_default valign_top\"><div class=\"vc_col-sm-12 wpb_column vc_column_container\"><div class=\"vc_column-inner\"><div class=\"wpb_wrapper\"><div class=\"w-image fullw align_center\"><div class=\"w-image-h\"><img width=\"1920\" height=\"860\" src=\"https:\/\/www.zuzufit.ro\/munteleacasa\/wp-content\/uploads\/2021\/07\/header-desktop.jpg\" class=\"attachment-full size-full\" alt=\"\" loading=\"lazy\" srcset=\"https:\/\/www.zuzufit.ro\/munteleacasa\/wp-content\/uploads\/2021\/07\/header-desktop.jpg 1920w, https:\/\/www.zuzufit.ro\/munteleacasa\/wp-content\/uploads\/2021\/07\/header-desktop-600x269.jpg 600w, https:\/\/www.zuzufit.ro\/munteleacasa\/wp-content\/uploads\/2021\/07\/header-desktop-1200x538.jpg 1200w\" sizes=\"(max-width: 1920px) 100vw, 1920px\" \/><\/div><\/div><\/div><\/div><\/div><\/div><\/div><\/section><section class=\"l-section wpb_row us_custom_278d8c57 height_small width_full restul vc_hidden-lg\"><div class=\"l-section-h i-cf\"><div class=\"g-cols vc_row type_default valign_top\"><div class=\"vc_col-sm-12 wpb_column vc_column_container\"><div class=\"vc_column-inner\"><div class=\"wpb_wrapper\"><div class=\"w-image fullw align_center\"><div class=\"w-image-h\"><img width=\"1920\" height=\"1080\" src=\"https:\/\/www.zuzufit.ro\/munteleacasa\/wp-content\/uploads\/2021\/07\/slide-home-top-mobile.jpg\" class=\"attachment-full size-full\" alt=\"\" loading=\"lazy\" srcset=\"https:\/\/www.zuzufit.ro\/munteleacasa\/wp-content\/uploads\/2021\/07\/slide-home-top-mobile.jpg 1920w, https:\/\/www.zuzufit.ro\/munteleacasa\/wp-content\/uploads\/2021\/07\/slide-home-top-mobile-600x338.jpg 600w, https:\/\/www.zuzufit.ro\/munteleacasa\/wp-content\/uploads\/2021\/07\/slide-home-top-mobile-1200x675.jpg 1200w\" sizes=\"(max-width: 1920px) 100vw, 1920px\" \/><\/div><\/div><\/div><\/div><\/div><\/div><\/div><\/section><section class=\"l-section wpb_row us_custom_bbc090b3 height_small\"><div class=\"l-section-h i-cf\"><div class=\"g-cols vc_row type_default valign_top\"><div class=\"vc_col-sm-12 wpb_column vc_column_container\"><div class=\"vc_column-inner\"><div class=\"wpb_wrapper\"><div class=\"wpb_text_column us_custom_bae7ea20 has_text_color\" ><div class=\"wpb_wrapper\"><p>COMPETI\u021aIE DE FOTOGRAFIE \u0218I FILM<\/p>\n<\/div><\/div><div class=\"wpb_text_column us_custom_a9e45d5d has_text_color\" ><div class=\"wpb_wrapper\"><p>\u00ceNCURAJAT\u0102 DE ZUZU FIT, PREMIAT\u0102 LA ALPIN FILM FESTIVAL<\/p>\n<\/div><\/div><div class=\"w-separator size_custom us_separator_1\" style=\"height:2rem\"><style>@media(max-width:1024px){.us_separator_1{height:1rem!important}}@media(max-width:600px){.us_separator_1{height:1rem!important}}<\/style><\/div><div class=\"wpb_text_column us_custom_ea76afbe\" ><div class=\"wpb_wrapper\"><p>E\u015fti alerg\u0103tor montan? \u00ce\u0163i place s\u0103 filmezi sau s\u0103 fotografiezi turele tale \u015fi ale prietenilor t\u0103i pe munte? Zuzu Fit \u015fi Alpin Film Festival au o provocare pentru tine!<\/p>\n<p>Vrem s\u0103 aducem \u00eempreun\u0103 produc\u0103torii de con\u0163inut foto-video care iubesc muntele, s\u0103 le d\u0103m un loc de exprimare \u015fi s\u0103 le recunoa\u0219tem munca. Astfel, am g\u00e2ndit dou\u0103 competi\u021bii, una de video, alta de fotografie.<\/p>\n<\/div><\/div><div class=\"w-separator size_custom us_separator_2\" style=\"height:2rem\"><style>@media(max-width:1024px){.us_separator_2{height:1rem!important}}@media(max-width:600px){.us_separator_2{height:1rem!important}}<\/style><\/div><div class=\"w-video align_center ratio_16x9\"><div class=\"w-video-h\"><iframe src=\"\/\/www.youtube.com\/embed\/KCqRqMDH9WY?autoplay=0&controls=1&origin=https%3A%2F%2Fwww.zuzufit.ro%2Fmunteleacasa\" allowfullscreen=\"1\"><\/iframe><\/div><div class=\"w-video-icon\" style=\"font-size:1.5rem;background:rgba(0,0,0,0.5);color:#fff;\"><\/div><\/div><\/div><\/div><\/div><\/div><\/div><\/section><section class=\"l-section wpb_row height_small\"><div class=\"l-section-h i-cf\"><div class=\"g-cols vc_row type_default valign_top\"><div class=\"vc_col-sm-12 wpb_column vc_column_container\"><div class=\"vc_column-inner\"><div class=\"wpb_wrapper\"><div class=\"wpb_text_column us_custom_b058a5d8 has_text_color\" ><div class=\"wpb_wrapper\"><p><strong>\u00censcrie-te la sec\u021biunea de film a competi\u021biei!<\/strong><\/p>\n<\/div><\/div><div class=\"wpb_text_column us_custom_ea76afbe\" ><div class=\"wpb_wrapper\"><ul>\n<li>Creeaz\u0103 un montaj de 100-150 de secunde care s\u0103 exprime rela\u021bia ta cu muntele, apoi public\u0103 filmul pe canalele proprii de social media, al\u0103turi de r\u0103spunsul \u00een descrierea post\u0103rii la \u00eentrebarea \u201dDe ce nume\u0219ti muntele acas\u0103?<\/li>\n<li>Folose\u015fte hashtag-urile #munteleacasa #potimaimult, d\u0103 Like sau Follow \u0219i tag paginilor de social media Zuzu Fit (<a href=\"https:\/\/www.instagram.com\/zuzufitromania\/\" target=\"_blank\" rel=\"noopener\">Instagram<\/a>\u00a0sau\u00a0<a href=\"https:\/\/www.facebook.com\/ZuzuFitRomania\" target=\"_blank\" rel=\"noopener\">Facebook<\/a>, dup\u0103 caz).<\/li>\n<li>Asigur\u0103-te c\u0103 ai postarea public\u0103.<\/li>\n<li>Montajul final poate con\u021bine \u0219i imaginea realizatorului sau doar vocea acestuia pe fundal.<\/li>\n<\/ul>\n<p><strong>Termen limit\u0103 de \u00eenscriere: 5 septembrie 2021.<\/strong><\/p>\n<\/div><\/div><\/div><\/div><\/div><\/div><\/div><\/section><section class=\"l-section wpb_row height_small\"><div class=\"l-section-h i-cf\"><div class=\"g-cols vc_row type_default valign_top\"><div class=\"vc_col-sm-12 wpb_column vc_column_container\"><div class=\"vc_column-inner\"><div class=\"wpb_wrapper\"><div class=\"wpb_text_column us_custom_b058a5d8 has_text_color\" ><div class=\"wpb_wrapper\"><p><strong>\u00censcrie-te la sec\u021biunea de fotografie a competi\u021biei!<\/strong><\/p>\n<\/div><\/div><div class=\"wpb_text_column us_custom_ea76afbe\" ><div class=\"wpb_wrapper\"><ul>\n<li>Fotografiaz\u0103 peisajele montane preferate, apoi public\u0103 fotografia pe canalele proprii de social media, al\u0103turi de r\u0103spunsul la \u00eentrebarea &#8222;De ce consideri c\u0103 MUNTELE \u00eenseamn\u0103 pentru tine ACAS\u0102?&#8221; \u015fi p\u0103streaz\u0103 fotografia original\u0103 \u00een format HI-RES.<\/li>\n<li>Folose\u015fte hashtag-urile #munteleacasa #potimaimult, d\u0103 Like sau Follow \u0219i tag paginilor de social media Zuzu Fit (<a href=\"https:\/\/www.instagram.com\/zuzufitromania\/\" target=\"_blank\" rel=\"noopener\">Instagram<\/a>\u00a0sau\u00a0<a href=\"https:\/\/www.facebook.com\/ZuzuFitRomania\" target=\"_blank\" rel=\"noopener\">Facebook<\/a>, dup\u0103 caz).<\/li>\n<li>Asigur\u0103-te c\u0103 ai postarea public\u0103.<\/li>\n<\/ul>\n<p><strong>Termen limit\u0103 de \u00eenscriere: 5 septembrie 2021.<\/strong><\/p>\n<\/div><\/div><\/div><\/div><\/div><\/div><\/div><\/section><section class=\"l-section wpb_row height_small\"><div class=\"l-section-h i-cf\"><div class=\"g-cols vc_row type_default valign_top\"><div class=\"vc_col-sm-12 wpb_column vc_column_container\"><div class=\"vc_column-inner\"><div class=\"wpb_wrapper\"><div class=\"wpb_text_column us_custom_b058a5d8 has_text_color\" ><div class=\"wpb_wrapper\"><p><strong>Premiere<\/strong><\/p>\n<\/div><\/div><div class=\"wpb_text_column us_custom_ea76afbe\" ><div class=\"wpb_wrapper\"><p>At\u00e2t pentru competi\u021bia de fotografie, c\u00e2t \u0219i pentru cea de film, va fi ales c\u00e2te un c\u00e2\u0219tig\u0103tor ce va fi premiat \u00een cadrul festivalului Alpin Film Festival, pe 11 septembrie.<\/p>\n<p>Fiecare c\u00e2\u0219tig\u0103tor va primi c\u00e2te un voucher de 500 de euro ce va putea fi folosit pentru a-\u0219i achizi\u021biona echipament foto-video de la un cunoscut magazin de profil.<\/p>\n<\/div><\/div><div class=\"wpb_text_column us_custom_b058a5d8 has_text_color\" ><div class=\"wpb_wrapper\"><p><strong>C\u00e2\u015ftig\u0103tori<\/strong><\/p>\n<\/div><\/div><div class=\"wpb_text_column us_custom_ea76afbe\" ><div class=\"wpb_wrapper\"><p>Sec\u021biunea de film: Andrei Buduleanu<\/p>\n<p><iframe loading=\"lazy\" style=\"border: none; overflow: hidden;\" src=\"https:\/\/www.facebook.com\/plugins\/video.php?height=291&amp;href=https%3A%2F%2Fwww.facebook.com%2Fbuduleanu.andrei%2Fvideos%2F3655474334678163%2F&amp;show_text=false&amp;width=560&amp;t=0\" width=\"560\" height=\"291\" frameborder=\"0\" scrolling=\"no\" allowfullscreen=\"allowfullscreen\"><\/iframe><\/p>\n<\/div><\/div><div class=\"wpb_text_column us_custom_ea76afbe\" ><div class=\"wpb_wrapper\"><p>Sec\u021biunea de fotografie: Cristina B\u0103z\u0103r<\/p>\n<blockquote class=\"instagram-media\" style=\"background: #FFF; border: 0; border-radius: 3px; box-shadow: 0 0 1px 0 rgba(0,0,0,0.5),0 1px 10px 0 rgba(0,0,0,0.15); margin: 1px; max-width: 540px; min-width: 326px; padding: 0; width: calc(100% - 2px);\" data-instgrm-permalink=\"https:\/\/www.instagram.com\/p\/CTdEhlTDO1f\/?utm_source=ig_embed&amp;utm_campaign=loading\" data-instgrm-version=\"13\">\n<div style=\"padding: 16px;\">\n<p>&nbsp;<\/p>\n<div style=\"display: flex; flex-direction: row; align-items: center;\">\n<div style=\"background-color: #f4f4f4; border-radius: 50%; flex-grow: 0; height: 40px; margin-right: 14px; width: 40px;\"><\/div>\n<div style=\"display: flex; flex-direction: column; flex-grow: 1; justify-content: center;\">\n<div style=\"background-color: #f4f4f4; border-radius: 4px; flex-grow: 0; height: 14px; margin-bottom: 6px; width: 100px;\"><\/div>\n<div style=\"background-color: #f4f4f4; border-radius: 4px; flex-grow: 0; height: 14px; width: 60px;\"><\/div>\n<\/div>\n<\/div>\n<div style=\"padding: 19% 0;\"><\/div>\n<div style=\"display: block; height: 50px; margin: 0 auto 12px; width: 50px;\"><\/div>\n<div style=\"padding-top: 8px;\">\n<div style=\"color: #3897f0; font-family: Arial,sans-serif; font-size: 14px; font-style: normal; font-weight: 550; line-height: 18px;\">View this post on Instagram<\/div>\n<\/div>\n<div style=\"padding: 12.5% 0;\"><\/div>\n<div style=\"display: flex; flex-direction: row; margin-bottom: 14px; align-items: center;\">\n<div>\n<div style=\"background-color: #f4f4f4; border-radius: 50%; height: 12.5px; width: 12.5px; transform: translateX(0px) translateY(7px);\"><\/div>\n<div style=\"background-color: #f4f4f4; height: 12.5px; transform: rotate(-45deg) translateX(3px) translateY(1px); width: 12.5px; flex-grow: 0; margin-right: 14px; margin-left: 2px;\"><\/div>\n<div style=\"background-color: #f4f4f4; border-radius: 50%; height: 12.5px; width: 12.5px; transform: translateX(9px) translateY(-18px);\"><\/div>\n<\/div>\n<div style=\"margin-left: 8px;\">\n<div style=\"background-color: #f4f4f4; border-radius: 50%; flex-grow: 0; height: 20px; width: 20px;\"><\/div>\n<div style=\"width: 0; height: 0; border-top: 2px solid transparent; border-left: 6px solid #f4f4f4; border-bottom: 2px solid transparent; transform: translateX(16px) translateY(-4px) rotate(30deg);\"><\/div>\n<\/div>\n<div style=\"margin-left: auto;\">\n<div style=\"width: 0px; border-top: 8px solid #F4F4F4; border-right: 8px solid transparent; transform: translateY(16px);\"><\/div>\n<div style=\"background-color: #f4f4f4; flex-grow: 0; height: 12px; width: 16px; transform: translateY(-4px);\"><\/div>\n<div style=\"width: 0; height: 0; border-top: 8px solid #F4F4F4; border-left: 8px solid transparent; transform: translateY(-4px) translateX(8px);\"><\/div>\n<\/div>\n<\/div>\n<div style=\"display: flex; flex-direction: column; flex-grow: 1; justify-content: center; margin-bottom: 24px;\">\n<div style=\"background-color: #f4f4f4; border-radius: 4px; flex-grow: 0; height: 14px; margin-bottom: 6px; width: 224px;\"><\/div>\n<div style=\"background-color: #f4f4f4; border-radius: 4px; flex-grow: 0; height: 14px; width: 144px;\"><\/div>\n<\/div>\n<p>&nbsp;<\/p>\n<p style=\"color: #c9c8cd; font-family: Arial,sans-serif; font-size: 14px; line-height: 17px; margin-bottom: 0; margin-top: 8px; overflow: hidden; padding: 8px 0 7px; text-align: center; text-overflow: ellipsis; white-space: nowrap;\"><a style=\"color: #c9c8cd; font-family: Arial,sans-serif; font-size: 14px; font-style: normal; font-weight: normal; line-height: 17px; text-decoration: none;\" href=\"https:\/\/www.instagram.com\/p\/CTdEhlTDO1f\/?utm_source=ig_embed&amp;utm_campaign=loading\" target=\"_blank\" rel=\"noopener\">A post shared by Cristina Bazar (@cristinabazar)<\/a><\/p>\n<\/div>\n<\/blockquote>\n<p><script async src=\"\/\/www.instagram.com\/embed.js\"><\/script><\/p>\n<\/div><\/div><div class=\"wpb_text_column us_custom_b058a5d8 has_text_color\" ><div class=\"wpb_wrapper\"><p><strong>Juriu<\/strong><\/p>\n<\/div><\/div><div class=\"wpb_text_column us_custom_ea76afbe\" ><div class=\"wpb_wrapper\"><p>Dan Izvoreanu &#8211; Editor Coordonator Sky&amp;Outdoor Magazine<br \/>\nAlex P\u0103un &#8211; Pre\u0219edinte Clubul Alpin Rom\u00e2n<br \/>\nRadu Restivan &#8211; Fondator <a href=\"https:\/\/www.321sport.ro\" target=\"_blank\" rel=\"noopener\">321sport<\/a> \u0219i Produc\u0103tor \u201d<a href=\"https:\/\/www.zuzufit.ro\/lacota10000\/\" target=\"_blank\" rel=\"noopener\">La Cota 10.000<\/a>\u201d<\/p>\n<p>Alpin Film Festival este cel mai prestigios festival dedicat filmului \u0219i fotografiei montane din Rom\u00e2nia. Edi\u0163ia din acest an are loc \u00eentre 7 \u015fi 12 septembrie la Bra\u015fov, Predeal \u015fi Bu\u015fteni, iar festivalul face parte din International Alliance for Mountain Film \u0219i aduce o serie de invita\u021bi de seam\u0103 la nivel mondial.<\/p>\n<p>ZUZU FIT este partener al festivalului \u0219i sponsor al competi\u021biei MUNTELE. ACAS\u0102. Este primul brand din Rom\u00e2nia care sus\u021bine creatorii de con\u021binut ai muntelui, care te scoate din cas\u0103 \u0219i te \u00eencurajeaz\u0103 s\u0103 \u00ee\u021bi dep\u0103\u0219e\u0219ti limitele. Povestea a \u00eenceput cu documentarul <a href=\"https:\/\/www.zuzufit.ro\/lacota10000\/\" target=\"_blank\" rel=\"noopener\">La Cota 10.000<\/a>, iar acum merge mai departe, din dorin\u021ba de a-i \u00eencuraja pe cei care produc con\u021binut \u0219i de a-i inspira pe cei care \u00ee\u0219i doresc s\u0103 \u00eencerce.<\/p>\n<p><strong><a href=\"https:\/\/www.zuzufit.ro\/munteleacasa\/wp-content\/uploads\/2021\/07\/Regulament_Campanie_ZUZU_FIT_MUNTELE_ACASA.pdf\" target=\"_blank\" rel=\"noopener\">Cite\u0219te cu aten\u021bie regulamentul competi\u021biei<\/a>.<\/strong><\/p>\n<\/div><\/div><div class=\"w-separator size_custom us_separator_3\" style=\"height:2rem\"><style>@media(max-width:1024px){.us_separator_3{height:1rem!important}}@media(max-width:600px){.us_separator_3{height:1rem!important}}<\/style><\/div><\/div><\/div><\/div><\/div><\/div><\/section>\n","protected":false},"excerpt":{"rendered":"COMPETI\u021aIE DE FOTOGRAFIE \u0218I FILM \u00ceNCURAJAT\u0102 DE ZUZU FIT, PREMIAT\u0102 LA ALPIN FILM FESTIVAL E\u015fti alerg\u0103tor montan? \u00ce\u0163i place s\u0103 filmezi sau s\u0103 fotografiezi turele tale \u015fi ale prietenilor t\u0103i pe munte? Zuzu Fit \u015fi Alpin Film Festival au o provocare pentru tine! Vrem s\u0103 aducem \u00eempreun\u0103 produc\u0103torii de con\u0163inut foto-video care iubesc muntele, s\u0103...","protected":false},"author":1,"featured_media":0,"parent":0,"menu_order":0,"comment_status":"closed","ping_status":"closed","template":"","meta":[],"yoast_head":"<!-- This site is optimized with the Yoast SEO plugin v16.8 - https:\/\/yoast.com\/wordpress\/plugins\/seo\/ -->\n<title>Home 2021 - MUNTELE. ACAS\u0102<\/title>\n<meta name=\"robots\" content=\"index, follow, max-snippet:-1, max-image-preview:large, max-video-preview:-1\" \/>\n<link rel=\"canonical\" href=\"https:\/\/www.zuzufit.ro\/munteleacasa\/\" \/>\n<meta property=\"og:locale\" content=\"ro_RO\" \/>\n<meta property=\"og:type\" content=\"article\" \/>\n<meta property=\"og:title\" content=\"Home 2021 - MUNTELE. ACAS\u0102\" \/>\n<meta property=\"og:url\" content=\"https:\/\/www.zuzufit.ro\/munteleacasa\/\" \/>\n<meta property=\"og:site_name\" content=\"MUNTELE. ACAS\u0102\" \/>\n<meta property=\"article:modified_time\" content=\"2021-09-13T11:29:52+00:00\" \/>\n<meta property=\"og:image\" content=\"https:\/\/www.zuzufit.ro\/munteleacasa\/wp-content\/uploads\/2021\/07\/muntele_acasa.png\" \/>\n\t<meta property=\"og:image:width\" content=\"1576\" \/>\n\t<meta property=\"og:image:height\" content=\"831\" \/>\n<meta name=\"twitter:card\" content=\"summary_large_image\" \/>\n<meta name=\"twitter:label1\" content=\"Timp estimat pentru citire\" \/>\n\t<meta name=\"twitter:data1\" content=\"3 minute\" \/>\n<script type=\"application\/ld+json\" class=\"yoast-schema-graph\">{\"@context\":\"https:\/\/schema.org\",\"@graph\":[{\"@type\":\"WebSite\",\"@id\":\"https:\/\/www.zuzufit.ro\/munteleacasa\/#website\",\"url\":\"https:\/\/www.zuzufit.ro\/munteleacasa\/\",\"name\":\"MUNTELE. ACAS\\u0102\",\"description\":\"\",\"potentialAction\":[{\"@type\":\"SearchAction\",\"target\":{\"@type\":\"EntryPoint\",\"urlTemplate\":\"https:\/\/www.zuzufit.ro\/munteleacasa\/?s={search_term_string}\"},\"query-input\":\"required name=search_term_string\"}],\"inLanguage\":\"ro-RO\"},{\"@type\":\"WebPage\",\"@id\":\"https:\/\/www.zuzufit.ro\/munteleacasa\/#webpage\",\"url\":\"https:\/\/www.zuzufit.ro\/munteleacasa\/\",\"name\":\"Home 2021 - MUNTELE. ACAS\\u0102\",\"isPartOf\":{\"@id\":\"https:\/\/www.zuzufit.ro\/munteleacasa\/#website\"},\"datePublished\":\"2021-07-26T10:40:28+00:00\",\"dateModified\":\"2021-09-13T11:29:52+00:00\",\"breadcrumb\":{\"@id\":\"https:\/\/www.zuzufit.ro\/munteleacasa\/#breadcrumb\"},\"inLanguage\":\"ro-RO\",\"potentialAction\":[{\"@type\":\"ReadAction\",\"target\":[\"https:\/\/www.zuzufit.ro\/munteleacasa\/\"]}]},{\"@type\":\"BreadcrumbList\",\"@id\":\"https:\/\/www.zuzufit.ro\/munteleacasa\/#breadcrumb\",\"itemListElement\":[{\"@type\":\"ListItem\",\"position\":1,\"name\":\"Home\",\"item\":\"https:\/\/www.zuzufit.ro\/munteleacasa\/\"},{\"@type\":\"ListItem\",\"position\":2,\"name\":\"Home 2021\"}]}]}<\/script>\n<!-- \/ Yoast SEO plugin. -->","yoast_head_json":{"title":"Home 2021 - MUNTELE. ACAS\u0102","robots":{"index":"index","follow":"follow","max-snippet":"max-snippet:-1","max-image-preview":"max-image-preview:large","max-video-preview":"max-video-preview:-1"},"canonical":"https:\/\/www.zuzufit.ro\/munteleacasa\/","og_locale":"ro_RO","og_type":"article","og_title":"Home 2021 - MUNTELE. ACAS\u0102","og_url":"https:\/\/www.zuzufit.ro\/munteleacasa\/","og_site_name":"MUNTELE. ACAS\u0102","article_modified_time":"2021-09-13T11:29:52+00:00","og_image":[{"width":1576,"height":831,"url":"https:\/\/www.zuzufit.ro\/munteleacasa\/wp-content\/uploads\/2021\/07\/muntele_acasa.png","path":"\/home\/lumeaful\/public_html\/www.zuzufit.ro\/munteleacasa\/wp-content\/uploads\/2021\/07\/muntele_acasa.png","size":"full","id":179,"alt":"","pixels":1309656,"type":"image\/png"}],"twitter_card":"summary_large_image","twitter_misc":{"Timp estimat pentru citire":"3 minute"},"schema":{"@context":"https:\/\/schema.org","@graph":[{"@type":"WebSite","@id":"https:\/\/www.zuzufit.ro\/munteleacasa\/#website","url":"https:\/\/www.zuzufit.ro\/munteleacasa\/","name":"MUNTELE. ACAS\u0102","description":"","potentialAction":[{"@type":"SearchAction","target":{"@type":"EntryPoint","urlTemplate":"https:\/\/www.zuzufit.ro\/munteleacasa\/?s={search_term_string}"},"query-input":"required name=search_term_string"}],"inLanguage":"ro-RO"},{"@type":"WebPage","@id":"https:\/\/www.zuzufit.ro\/munteleacasa\/#webpage","url":"https:\/\/www.zuzufit.ro\/munteleacasa\/","name":"Home 2021 - MUNTELE. ACAS\u0102","isPartOf":{"@id":"https:\/\/www.zuzufit.ro\/munteleacasa\/#website"},"datePublished":"2021-07-26T10:40:28+00:00","dateModified":"2021-09-13T11:29:52+00:00","breadcrumb":{"@id":"https:\/\/www.zuzufit.ro\/munteleacasa\/#breadcrumb"},"inLanguage":"ro-RO","potentialAction":[{"@type":"ReadAction","target":["https:\/\/www.zuzufit.ro\/munteleacasa\/"]}]},{"@type":"BreadcrumbList","@id":"https:\/\/www.zuzufit.ro\/munteleacasa\/#breadcrumb","itemListElement":[{"@type":"ListItem","position":1,"name":"Home","item":"https:\/\/www.zuzufit.ro\/munteleacasa\/"},{"@type":"ListItem","position":2,"name":"Home 2021"}]}]}},"_links":{"self":[{"href":"https:\/\/www.zuzufit.ro\/munteleacasa\/wp-json\/wp\/v2\/pages\/106"}],"collection":[{"href":"https:\/\/www.zuzufit.ro\/munteleacasa\/wp-json\/wp\/v2\/pages"}],"about":[{"href":"https:\/\/www.zuzufit.ro\/munteleacasa\/wp-json\/wp\/v2\/types\/page"}],"author":[{"embeddable":true,"href":"https:\/\/www.zuzufit.ro\/munteleacasa\/wp-json\/wp\/v2\/users\/1"}],"replies":[{"embeddable":true,"href":"https:\/\/www.zuzufit.ro\/munteleacasa\/wp-json\/wp\/v2\/comments?post=106"}],"version-history":[{"count":64,"href":"https:\/\/www.zuzufit.ro\/munteleacasa\/wp-json\/wp\/v2\/pages\/106\/revisions"}],"predecessor-version":[{"id":187,"href":"https:\/\/www.zuzufit.ro\/munteleacasa\/wp-json\/wp\/v2\/pages\/106\/revisions\/187"}],"wp:attachment":[{"href":"https:\/\/www.zuzufit.ro\/munteleacasa\/wp-json\/wp\/v2\/media?parent=106"}],"curies":[{"name":"wp","href":"https:\/\/api.w.org\/{rel}","templated":true}]}}